{"id":2651,"date":"2019-12-06T17:37:38","date_gmt":"2019-12-06T16:37:38","guid":{"rendered":"http:\/\/emdpisolutions.com\/?page_id=2651"},"modified":"2020-02-06T11:13:16","modified_gmt":"2020-02-06T10:13:16","slug":"questions","status":"publish","type":"page","link":"https:\/\/emdpisolutions.com\/en\/questions\/","title":{"rendered":"Listes de questions"},"content":{"rendered":"\n<p><em><strong>Exemples de questions trait\u00e9s dans le cadre de la formation sur les proc\u00e9d\u00e9s \u00e0 induction :<\/strong><\/em><\/p>\n\n\n\n<ul><li>Quel est l\u2019int\u00e9r\u00eat d\u2019un proc\u00e9d\u00e9 \u00e0 induction? <\/li><li>Comment fonctionne&nbsp; un proc\u00e9d\u00e9 \u00e0 induction? <\/li><li>Ou est localis\u00e9e la chauffe? <\/li><li>Quelle est la puissance transmise? <\/li><li>Comment localiser la puissance? <\/li><li>Quelle fr\u00e9quence choisir ? <\/li><li>Pourquoi c\u2019est diff\u00e9rent suivant le mat\u00e9riau ? <\/li><li>Quelle est l\u2019impact de l\u2019inducteur (Nb spires, dimension, position) ? <\/li><li>De quoi se compose un syst\u00e8me de chauffage par induction ? <\/li><li>Comment fonctionne le g\u00e9n\u00e9rateur? <\/li><li>Comment r\u00e9gler la fr\u00e9quence? <\/li><li>Quelle est la signification du circuit oscillant? <\/li><li>A quoi correspondent les valeurs \u00e9lectriques affich\u00e9es par le g\u00e9n\u00e9rateur? <\/li><li>Pourquoi je n\u2019ai plus la m\u00eame fr\u00e9quence quand j\u2019ai modifi\u00e9 l\u2019inducteur ou la charge ? <\/li><li>Pourquoi je n\u2019arrive pas \u00e0 utiliser toute la puissance du g\u00e9n\u00e9rateur? <\/li><li>Comment am\u00e9liorer&nbsp; l\u2019efficacit\u00e9 de mon installation? <\/li><li>Comment \u00e9viter de chauffer les pi\u00e8ces environnantes? <\/li><li>Quels sont les risques d\u2019un proc\u00e9d\u00e9 \u00e0 induction <\/li><li>Quel est l\u2019exposition aux champs magn\u00e9tiques&nbsp; pour l\u2019op\u00e9rateur? Comment prot\u00e9ger les utilisateurs? <\/li><li>Autres : sur demandes sp\u00e9cifiques pr\u00e9alables <\/li><\/ul>\n\n\n\n<p><a href=\"http:\/\/emdpisolutions.com\/notre-offre\/formation-induction\/\">Les formations propos\u00e9es par EMDPI<\/a> vous proposent de r\u00e9pondre \u00e0 l&#8217;ensemble de ces questions \u00e0 travers diff\u00e9rents modules.<\/p>\n","protected":false},"excerpt":{"rendered":"<p>Exemples de questions trait\u00e9s dans le cadre de la formation sur les proc\u00e9d\u00e9s \u00e0 induction : Quel est l\u2019int\u00e9r\u00eat d\u2019un proc\u00e9d\u00e9 \u00e0 induction? Comment fonctionne&nbsp; un proc\u00e9d\u00e9 \u00e0 induction? Ou est localis\u00e9e la chauffe? Quelle est la puissance transmise? Comment localiser la puissance? Quelle fr\u00e9quence choisir ? Pourquoi c\u2019est diff\u00e9rent suivant le mat\u00e9riau ? Quelle&hellip;<\/p>\n","protected":false},"author":1,"featured_media":0,"parent":0,"menu_order":100,"comment_status":"closed","ping_status":"closed","template":"","meta":{"_exactmetrics_skip_tracking":false,"_exactmetrics_sitenote_active":false,"_exactmetrics_sitenote_note":"","_exactmetrics_sitenote_category":0,"footnotes":""},"translation":{"provider":"WPGlobus","version":"3.0.0","language":"en","enabled_languages":["fr","en"],"languages":{"fr":{"title":true,"content":true,"excerpt":false},"en":{"title":false,"content":false,"excerpt":false}}},"_links":{"self":[{"href":"https:\/\/emdpisolutions.com\/en\/wp-json\/wp\/v2\/pages\/2651"}],"collection":[{"href":"https:\/\/emdpisolutions.com\/en\/wp-json\/wp\/v2\/pages"}],"about":[{"href":"https:\/\/emdpisolutions.com\/en\/wp-json\/wp\/v2\/types\/page"}],"author":[{"embeddable":true,"href":"https:\/\/emdpisolutions.com\/en\/wp-json\/wp\/v2\/users\/1"}],"replies":[{"embeddable":true,"href":"https:\/\/emdpisolutions.com\/en\/wp-json\/wp\/v2\/comments?post=2651"}],"version-history":[{"count":9,"href":"https:\/\/emdpisolutions.com\/en\/wp-json\/wp\/v2\/pages\/2651\/revisions"}],"predecessor-version":[{"id":3414,"href":"https:\/\/emdpisolutions.com\/en\/wp-json\/wp\/v2\/pages\/2651\/revisions\/3414"}],"wp:attachment":[{"href":"https:\/\/emdpisolutions.com\/en\/wp-json\/wp\/v2\/media?parent=2651"}],"curies":[{"name":"wp","href":"https:\/\/api.w.org\/{rel}","templated":true}]}}