{"id":2636,"date":"2019-11-04T12:17:41","date_gmt":"2019-11-04T11:17:41","guid":{"rendered":"http:\/\/emdpisolutions.com\/?page_id=2636"},"modified":"2024-06-19T16:09:10","modified_gmt":"2024-06-19T14:09:10","slug":"formation-induction","status":"publish","type":"page","link":"https:\/\/emdpisolutions.com\/en\/notre-offre\/formation-induction\/","title":{"rendered":"Formations aux proc\u00e9d\u00e9s \u00e0 Induction"},"content":{"rendered":"\n<p><em><strong>EMDPI vous accompagne dans la formation de vos personnels sur les proc\u00e9d\u00e9s de chauffage par induction, de fusion par induction ou autres plus sp\u00e9cifiques \u00e0 votre application sur demande (brasage, brassage, creuset froid,&#8230;).&nbsp;Ces formations apportent des notions sur les principes de l&#8217;induction et les aspects techniques. Elles donnent les bases n\u00e9cessaires pour apporter des r\u00e9ponses \u00e0 de nombreuses questions utilisateurs <\/strong><\/em><a href=\"http:\/\/emdpisolutions.com\/?page_id=2651\">(cf Listes&nbsp;de&nbsp;Questions.)<\/a><\/p>\n\n\n\n<p>&nbsp;Les  formations sont d\u00e9di\u00e9es aux Ing\u00e9nieurs et techniciens en lien avec un proc\u00e9d\u00e9 \u00e0  induction (utilisateurs ou  futurs utilisateurs). Elles n\u00e9cessitent un pr\u00e9requis sur des connaissances en \u00e9lectricit\u00e9 (des rappels seront dispens\u00e9s lors de la formation).<\/p>\n\n\n\n<p>Les formations sont <strong>certifi\u00e9es Qualiopi<\/strong> (2021\/90945.2 -D\u00e9claration d&#8217;activit\u00e9 :N\u00b0 11.92.19586.92 valable jusqu\u2019au 05\/04\/2027). <\/p>\n\n\n\n<p>Elles s&#8217;inscrivent\u00a0dans\u00a0le\u00a0cadre<em>\u00a0de\u00a0la \u00a0r\u00e9forme\u00a0\u00a02018-loi \u00ab avenir professionnel \u00bb du 5 septembre 2018 <\/em>&#8211; avec la nouvelle d\u00e9finition de l&#8217;<a href=\"https:\/\/www.opco2i.fr\/formation-et-financement\/nouvelles-modalites-pedagogiques\/\" target=\"_blank\" rel=\"noreferrer noopener\">action de formation<\/a> avec l&#8217;int\u00e9gration d&#8217;un processus p\u00e9dagogique.<\/p>\n\n\n\n<p>Pour les entreprises de moins de 50 salari\u00e9s, elles peuvent \u00eatre en partie financ\u00e9es dans le cadre du <a href=\"https:\/\/www.opco2i.fr\/formation-et-financement\/plan-developpement-competences-entreprises-50-salaries\/\" target=\"_blank\" rel=\"noreferrer noopener\">plan de d\u00e9veloppement de comp\u00e9tences<\/a> (ex plan de formation) aupr\u00e8s des organismes de comp\u00e9tences (<a aria-label=\" (s\u2019ouvre dans un nouvel onglet)\" rel=\"noreferrer noopener\" href=\"https:\/\/travail-emploi.gouv.fr\/ministere\/acteurs\/partenaires\/opco#Quel-est-le-role-des-operateurs-de-competences\" target=\"_blank\">OPCO<\/a>) avec par exemple l&#8217;<a aria-label=\" (s\u2019ouvre dans un nouvel onglet)\" rel=\"noreferrer noopener\" href=\"https:\/\/www.opco2i.fr\/nous-connaitre\/qui-sommes-nous\/\" target=\"_blank\">OPCO 2i<\/a> l&#8217;op\u00e9rateur de comp\u00e9tences interindustriel. Pour l&#8217;ensemble des entreprises, elles sont mobilisables pour satisfaire les obligations \u00e0 effectuer au moins une formation non-obligatoire tous les 6 ans pour le salari\u00e9 en lien avec l&#8217;entretien professionnel.<\/p>\n\n\n\n<p><strong><em>Objectif de la formation aux  proc\u00e9d\u00e9s \u00e0 induction   :<\/em><\/strong><\/p>\n\n\n\n<p>Les proc\u00e9d\u00e9s \u00e0 induction ont des applications industrielles croissantes li\u00e9s au fait qu\u2019ils s\u2019inscrivent dans le contexte actuel de <strong>d\u00e9carbonation de l\u2019industrie via l\u2019\u00e9lectrification des proc\u00e9d\u00e9s.<\/strong> Il s\u2019inscrivent aussi dans le contexte du<strong> d\u00e9veloppements durable<\/strong>\u00a0(\u00e9conomies d\u2019\u00e9nergie, recyclages, process propre\u2026) et favorise <strong>les gains de productivit\u00e9<\/strong> (automatisation, maintenance r\u00e9duite) et les gains de qualit\u00e9 (r\u00e9p\u00e9tabilit\u00e9). La formation est destin\u00e9e \u00e0 parfaire les connaissances des utilisateurs ou initier les futurs utilisateurs de proc\u00e9d\u00e9s \u00e0 induction\u00a0: connaissances techniques et ph\u00e9nom\u00e9nologiques.<\/p>\n\n\n\n<p>A l\u2019issue de la formation le stagiaire sera capable :<\/p>\n\n\n\n<ol>\n<li><em>Identifier et d\u2019expliquer les ph\u00e9nom\u00e8nes physiques <\/em>sp\u00e9cifiques&nbsp; au chauffage par induction<em>.<\/em><\/li>\n\n\n\n<li><em>Pr\u00e9voir l\u2019impact des diff\u00e9rents param\u00e8tres sur le fonctionnement du dispositif <\/em>\u00e0 induction en int\u00e9grant l\u2019ensemble de la cha\u00eene inductive&nbsp;: du g\u00e9n\u00e9rateur \u00e0 la charge m\u00e9tallique.<\/li>\n\n\n\n<li><em><em>Pr\u00e9-dimensionner par approche analytique un proc\u00e9d\u00e9 \u00e0 induction&nbsp;: <\/em><\/em>choix de la fr\u00e9quence, estimation de la puissance inject\u00e9e et source de puissance n\u00e9cessaire.<\/li>\n\n\n\n<li><em>Identifier les aspects s\u00e9curit\u00e9s li\u00e9s aux expositions aux champs magn\u00e9tiques d<\/em>es installations \u00e0 induction et des utilisateurs<em> <\/em>en lien avec la<em> directive europ\u00e9enne 2013\/35\/UE.<\/em><\/li>\n<\/ol>\n\n\n<div class=\"wp-block-image is-resized is-style-default\">\n<figure class=\"aligncenter size-large\"><img loading=\"lazy\" decoding=\"async\" width=\"1024\" height=\"562\" src=\"https:\/\/emdpisolutions.com\/wp-content\/uploads\/2024\/06\/Formation_induction_objectifs-2-1024x562.png\" alt=\"Formation chauffage par induction - objectifs\" class=\"wp-image-7225\" style=\"object-fit:cover;width:764px;height:auto\" srcset=\"https:\/\/emdpisolutions.com\/wp-content\/uploads\/2024\/06\/Formation_induction_objectifs-2-1024x562.png 1024w, https:\/\/emdpisolutions.com\/wp-content\/uploads\/2024\/06\/Formation_induction_objectifs-2-300x165.png 300w, https:\/\/emdpisolutions.com\/wp-content\/uploads\/2024\/06\/Formation_induction_objectifs-2-1536x842.png 1536w, https:\/\/emdpisolutions.com\/wp-content\/uploads\/2024\/06\/Formation_induction_objectifs-2-2048x1123.png 2048w\" sizes=\"(max-width: 1024px) 100vw, 1024px\" \/><figcaption class=\"wp-element-caption\">EMDPI -Formation au chauffage par induction &#8211; objectifs -outils -\u00e9valuation<\/figcaption><\/figure><\/div>\n\n\n<p><em><strong>EMDPI propose diff\u00e9rents modules de formation &nbsp;de 1 \u00e0 2 jours par session avec une adaptation sur mesure possible par rapport \u00e0 l\u2019application sp\u00e9cifique du client et aux besoins des stagiaires&nbsp;:<\/strong><\/em><\/p>\n\n\n\n<ul>\n<li>F1&nbsp;: Application au chauffage par induction (Niveau 1)-1 \u00e0 2j<\/li>\n\n\n\n<li>F2&nbsp;: Application aux fours de fusion (Niveau 2)- F1+1j<\/li>\n\n\n\n<li>F3&nbsp;: Application aux brasseurs\/pompes \u00e9lectromagn\u00e9tiques (Niveau 2)-F1+1j<\/li>\n\n\n\n<li>F4&nbsp;: Approches num\u00e9riques avec Comsol (Niveau 2)-F1+1j<\/li>\n\n\n\n<li>Autres&nbsp;: sur demande sp\u00e9cifique<\/li>\n<\/ul>\n\n\n\n<p><em><strong>Le programme de la formation suit le d\u00e9roul\u00e9 suivant&nbsp;:<\/strong><\/em><br><\/p>\n\n\n<div class=\"wp-block-image\">\n<figure class=\"aligncenter size-large\"><img loading=\"lazy\" decoding=\"async\" width=\"1024\" height=\"456\" src=\"https:\/\/emdpisolutions.com\/wp-content\/uploads\/2024\/06\/Formation_induction_programme_3-1024x456.png\" alt=\"Formation emdpi -Proc\u00e9d\u00e9s de Chauffage et Fusion par induction\" class=\"wp-image-7215\" style=\"object-fit:cover\" srcset=\"https:\/\/emdpisolutions.com\/wp-content\/uploads\/2024\/06\/Formation_induction_programme_3-1024x456.png 1024w, https:\/\/emdpisolutions.com\/wp-content\/uploads\/2024\/06\/Formation_induction_programme_3-300x134.png 300w, https:\/\/emdpisolutions.com\/wp-content\/uploads\/2024\/06\/Formation_induction_programme_3-1536x685.png 1536w, https:\/\/emdpisolutions.com\/wp-content\/uploads\/2024\/06\/Formation_induction_programme_3-2048x913.png 2048w\" sizes=\"(max-width: 1024px) 100vw, 1024px\" \/><figcaption class=\"wp-element-caption\">EMDPI- Formation au chauffage et fusion par induction &#8211; Programme<\/figcaption><\/figure><\/div>\n\n\n<p>Pour plus de d\u00e9tails et avoir un descriptif complet adapt\u00e9 \u00e0 vos besoins, vous pouvez nous contacter directement ou via le <a href=\"http:\/\/emdpisolutions.com\/contact\/\">formulaire de contact<\/a><\/p>\n\n\n\n<p><strong><em>Formateur :<\/em><\/strong><\/p>\n\n\n\n<p>Les&nbsp; formations sont r\u00e9alis\u00e9es par Michael DUMONT expert en proc\u00e9d\u00e9s \u00e0 induction (Ing\u00e9nieur ENSCPB, Docteur &nbsp;en physicochimie et sciences des mat\u00e9riaux\u2013 Universit\u00e9 de Bordeaux).<\/p>\n\n\n\n<p>Pendant plus de 10 ans au laboratoire Simap (<a aria-label=\" (s\u2019ouvre dans un nouvel onglet)\" href=\"http:\/\/simap.grenoble-inp.fr\/fr\/equipes\/elaboration-par-procedes-magnetiques\" target=\"_blank\" rel=\"noreferrer noopener\">groupe EPM-Elaboration par Proc\u00e9d\u00e9s Magn\u00e9tiques<\/a>), il a \u00e9t\u00e9 en charge du d\u00e9veloppement et transfert vers l\u2019industrie de proc\u00e9d\u00e9 \u00e0 induction innovants (Arcelor, Siemens, Safran, CEA,\u2026). Depuis 10 ans en tant que consultant, il apporte son expertise pour le d\u00e9veloppement de proc\u00e9d\u00e9s innovants industriels: appui technique, scientifique et utilisation d\u2019outils num\u00e9riques (Comsol Multiphysics).<\/p>\n","protected":false},"excerpt":{"rendered":"<p>EMDPI vous accompagne dans la formation de vos personnels sur les proc\u00e9d\u00e9s de chauffage par induction, de fusion par induction ou autres plus sp\u00e9cifiques \u00e0 votre application sur demande (brasage, brassage, creuset froid,&#8230;).&nbsp;Ces formations apportent des notions sur les principes de l&#8217;induction et les aspects techniques. Elles donnent les bases n\u00e9cessaires pour apporter des r\u00e9ponses&hellip;<\/p>\n","protected":false},"author":1,"featured_media":7225,"parent":541,"menu_order":0,"comment_status":"closed","ping_status":"closed","template":"","meta":{"_exactmetrics_skip_tracking":false,"_exactmetrics_sitenote_active":false,"_exactmetrics_sitenote_note":"","_exactmetrics_sitenote_category":0,"footnotes":""},"translation":{"provider":"WPGlobus","version":"3.0.0","language":"en","enabled_languages":["fr","en"],"languages":{"fr":{"title":true,"content":true,"excerpt":false},"en":{"title":false,"content":false,"excerpt":false}}},"_links":{"self":[{"href":"https:\/\/emdpisolutions.com\/en\/wp-json\/wp\/v2\/pages\/2636"}],"collection":[{"href":"https:\/\/emdpisolutions.com\/en\/wp-json\/wp\/v2\/pages"}],"about":[{"href":"https:\/\/emdpisolutions.com\/en\/wp-json\/wp\/v2\/types\/page"}],"author":[{"embeddable":true,"href":"https:\/\/emdpisolutions.com\/en\/wp-json\/wp\/v2\/users\/1"}],"replies":[{"embeddable":true,"href":"https:\/\/emdpisolutions.com\/en\/wp-json\/wp\/v2\/comments?post=2636"}],"version-history":[{"count":49,"href":"https:\/\/emdpisolutions.com\/en\/wp-json\/wp\/v2\/pages\/2636\/revisions"}],"predecessor-version":[{"id":7246,"href":"https:\/\/emdpisolutions.com\/en\/wp-json\/wp\/v2\/pages\/2636\/revisions\/7246"}],"up":[{"embeddable":true,"href":"https:\/\/emdpisolutions.com\/en\/wp-json\/wp\/v2\/pages\/541"}],"wp:featuredmedia":[{"embeddable":true,"href":"https:\/\/emdpisolutions.com\/en\/wp-json\/wp\/v2\/media\/7225"}],"wp:attachment":[{"href":"https:\/\/emdpisolutions.com\/en\/wp-json\/wp\/v2\/media?parent=2636"}],"curies":[{"name":"wp","href":"https:\/\/api.w.org\/{rel}","templated":true}]}}