{"id":241,"date":"2014-05-30T15:30:31","date_gmt":"2014-05-30T13:30:31","guid":{"rendered":"http:\/\/emdpisolutions.com\/?page_id=241"},"modified":"2022-05-24T17:24:05","modified_gmt":"2022-05-24T15:24:05","slug":"publication-list","status":"publish","type":"page","link":"https:\/\/emdpisolutions.com\/en\/publications\/publication-list\/","title":{"rendered":"List of publication"},"content":{"rendered":"<p><strong>&#8211;\u00a0General review on Electromagnetic processing :<\/strong><\/p>\n<ul>\n<li><strong>2008-Proceedings-UIE-<em>\u201d<\/em><\/strong><em> <strong>Induction processing of\u00a0 liquid materials\u201d<\/strong><\/em><strong>, <\/strong>K. Spragg, A. Noeppel, J.C. Lacombe, M. Dumont, R. Ernst, K. Zaidat, Y. Delannoy, P. Petitpas, C. Garnier, J. Etay, C. Trassy and Y. Fautrelle in <em>The XVI International Congress on Electricity Applications in a Modern World UIE2008, Krakow, 18-21 mai 2008.<\/em><\/li>\n<\/ul>\n<ul>\n<li><strong>2010-Proceedings-HES<em>-\u201d<\/em><\/strong><em> <strong>Evolutions and Progresses in AC to DC Inductive Processes in EPM (invited lecture)\u201d, <\/strong>Roland Ernst<\/em>, M. Dumont, O. Budenkova, X. Li, ZM. Ren and Y. Fautrelle &#8211; SIMAP\/EPM laboratory, Grenoble, (France); Dept. of Materials Sciences and Engineering, Shanghai University, Shanghai (R.P. China) in<strong><em> International Symposium on Heating by Electromagnetic Sources, , padova<\/em><\/strong> 18-21mai, padova, italy<\/li>\n<\/ul>\n<ul>\n<li><strong>2015-Proceedings-EPM<em>-\u201d<\/em><\/strong><strong>Electromagnetic processing \u2013 from AC to DC Field &#8211;\u00a0<\/strong><strong>A way for process improvement and innovation<em>\u201d,\u00a0<\/em><\/strong>M.Dumont, R.Ernst, Y.Fautrelle, J.Etay\u00a0-EMDPI and \u00a0SIMAP\/EPM laboratory, Grenoble, (France) in\u00a08<strong><em><sup>th <\/sup>International Conference on Electromagnetic processing of materials EPM 2015,<\/em><\/strong>\u00a0Cannes, France.<\/li>\n<li><strong>2015-Proceedings-Comsol conference<em>&#8211;<a href=\"http:\/\/emdpisolutions.com\/wp-content\/uploads\/2014\/05\/comsol_conf_2015_dumont_article-_V3.pdf\">\u201dElectromagnetic Processing from AC to DC field and Multiphysics Modeling : a Way for Process Innovation\u201d<\/a><\/em><\/strong><strong><em>,\u00a0<\/em><\/strong>M.Dumont, R.Ernst, Y.Fautrelle, J.Etay\u00a0-EMDPI and \u00a0SIMAP\/EPM laboratory, Grenoble, (France) in\u00a0<strong><em>\u00a0European Comsol Conference, oct\u00a02015,<\/em><\/strong>\u00a0Grenoble, France.<\/li>\n<li><strong>2019-Proceedings-Comsol conference-<\/strong><strong><strong><strong><em>\u201d<\/em><\/strong><\/strong><\/strong><strong>Electromagnetic processing from AC to DC field: modelling approach with Comsol<\/strong><strong><em>,\u00a0<\/em><\/strong>M.Dumont &#8211;<span style=\"display: inline !important; float: none; background-color: #ffffff; color: #191e23; cursor: text; font-family: 'Noto Serif'; font-size: 16px; font-style: normal; font-variant: normal; font-weight: 400; letter-spacing: normal; orphans: 2; text-align: left; text-decoration: none; text-indent: 0px; text-transform: none; -webkit-text-stroke-width: 0px; white-space: normal; word-spacing: 0px;\">EMDPI<\/span>, R.Ernst -SIMAP\/EPM laboratory, Grenoble, (France) in\u00a0<strong><em>\u00a0European Comsol Conference, oct\u00a02019,<\/em><\/strong> Cambridge, UK.<\/li>\n<\/ul>\n<p><strong>\u00a0<\/strong><strong>&#8211; Foundry\u00a0\u2013 Induction skull melting<\/strong><\/p>\n<ul>\n<li><strong>2008-Patent-\u201cP<em>roc\u00e9d\u00e9 et dispositif d\u2019enduction m\u00e9tallique de fibres par voie liquide<\/em>\u201d, <\/strong>brevet Snecma, EP1995342 A1, 21 mai 2008<\/li>\n<\/ul>\n<ul>\n<li><strong>2009-Proceedings-EPM-\u201dRecent progresses in optimizing inductive cold crucible processes\u201d<em>, <\/em><\/strong>M.Dumont,R.Ernst, C. Garnier, P.Petitpas in <strong><em>6<sup>th <\/sup>International Conference on Electromagnetic processing of materials EPM 2009,<\/em><\/strong> dresden<\/li>\n<\/ul>\n<ul>\n<li><strong>2011-Patent &#8211;<\/strong><strong>\u201d<\/strong><strong><em>Creuset froid pour four de chauffage \u00e0 induction\u201d,<\/em><\/strong> N\u00b0 d\u00e9p\u00f4t Fr11\/61090 , 2 dec 2011<\/li>\n<\/ul>\n<ul>\n<li><strong>2012-Proceedings-EPM-<a href=\"http:\/\/emdpisolutions.com\/wp-content\/uploads\/2014\/05\/epm_2012_creuset_froid_dumont.pdf\" target=\"_blank\" rel=\"noopener\">\u201d Innovative Inductive Cold Crucible Configurations with improved Efficiency\u201d<\/a><\/strong><strong><em>, <\/em><\/strong>DUMONT Mikael, ERNST Roland, GARNIER Christian, HASAN Ghatfan, PETITPAS Patrick in <strong><em>7<sup>th <\/sup>International Conference on Electromagnetic processing of materials EPM 2012,<\/em><\/strong> october 22-26, beijing, china<\/li>\n<li><strong>2012-Patent<em>&#8211;<\/em>\u201c<em>Syst\u00e8me inductif pouvant servir de creuset froid<\/em><\/strong><strong>\u201d<\/strong><strong><em>,<\/em><\/strong>N\u00b0 d\u00e9p\u00f4t Fr11\/52246, 18 mars 2011,extension PCT \/FR2012\/050534, 14 mars 2012<\/li>\n<\/ul>\n<p><strong>\u00a0<\/strong><strong>&#8211; Fluid motion\u00a0\u2013\u00a0Electromagnetic pump<\/strong><\/p>\n<ul>\n<li><strong>2011-Proceedings-PAMIR-\u201d<em> Simulation of some MHD effects in Alip Electromangetic pump\u201d, <\/em><\/strong>M. Dumont, S. Epure, R. Nicolescu, A. Gagnoud, J. Etay, Y. Fautrelle in\u00a0 <strong><em>8th PAMIR International Conference on Fundamental and Applied MHD, <\/em><\/strong><strong><em>Borgo \u2013 September 5 &#8211; 9 , 2011-Corsica \u2013France<\/em><\/strong><\/li>\n<li><strong>2011-Proceedings-PAMIR-<\/strong><strong><em>\u201d Development of large flow ALIP EMP for application in ASTRID sodium cooled fast reactor and future power plant reactors\u201d<\/em><\/strong> ,\u00a0 S. Vitry<sup>1<\/sup>, A. Morcillo<sup>1<\/sup>, F. Rey<sup>1<\/sup>, M. Dumont<sup>2<\/sup>, J. Etay<sup>2<\/sup> and Y. Fautrelle<sup>2<\/sup>, 1:CEA\/DEN\/CAD\/DTN\/STPA\/LCIT,\u00a0 2:\u00a0 SIMAP\/EPM laboratory in\u00a0 <strong><em>8th PAMIR International Conference on Fundamental and Applied MHD, <\/em><\/strong><strong><em>Borgo \u2013 September 5 &#8211; 9 , 2011-Corsica \u2013France<\/em><\/strong><\/li>\n<li><strong>2012-Proceedings-EPM<em>-\u201d<\/em><\/strong><strong><em>Influence of the Frequency and Wave Length of the Traveling Field on the Pressure-Flow Rate Characteristic of Annular Induction Pumps Taking into Account the MHD Coupling\u201d, <\/em><\/strong>C. Roman, M. Dumont, S. Vitry, F. Rey, V. Fireteanu, Y. Fautrelle in <strong><em>7<sup>th <\/sup>International Conference on Electromagnetic processing of materials EPM 2012,<\/em><\/strong> october 22-26, beijing, china<\/li>\n<li><strong>2013-Proceedings-ATEE-<\/strong><strong><em>\u201d<\/em><\/strong><strong><em>Study of the Electromagnetic Phenomena in the Annular Linear Induction Pump based on 3D Finite Element Models<\/em><\/strong><strong><em>\u201d, <\/em><\/strong>C. Roman, V. Fireteanu , Y. Fautrelle , M. Dumont, S. Vitry, F. Rey, , in <strong><em>8<sup>th <\/sup>International <\/em><\/strong><strong><em>Symposium on ATEE(ADVANCED TOPICS IN ELECTRICAL ENGINEERING)<\/em><\/strong><strong><em>,<\/em><\/strong>May 23-24, Bucharest, roumania<\/li>\n<li><strong>2013-Proceedings-HES<em>-\u201d Modelling of fully coupled mhd flows in large size annular linear induction pumps \u201d,<\/em><\/strong>C. Roman, M. Dumont, , S. Letout, C. Courtessole, S. Vitry, F. Rey, Y. Fautrelle in <strong><em>International Symposium on Heating by Electromagnetic Sources, <\/em><\/strong>mai, padova, italy<\/li>\n<\/ul>\n<p><strong>&#8211; Fluid flow and interface control \u2013\u00a0Electromagnetic\u00a0levitation<\/strong><\/p>\n<ul>\n<li><strong>2009-Proceedings-EPM-<em>\u201d3D numerical modeling of electromagnetic levitation\u201d, <\/em><\/strong>M.Dumont,P.Schetelat, C.Courtesole, R.Ernst, J.Etay in <strong><em>6<sup>th <\/sup>International Conference on Electromagnetic processing of materials EPM 2009,<\/em><\/strong> dresden october 19-23, dresden, germany<\/li>\n<li><strong>2009-Proceedings-CFM-<em> &#8220;Exp\u00e9rience de l\u00e9vitation \u00e9lectromagn\u00e9tique sous rayonnement synchrotron<\/em><\/strong><strong>\u00a0<em>&#8220;,<\/em> <\/strong>C. COURTESSOLE, M. DUMONT, P. SCHETELAT, D. PONTONI, M. DI MICHIEL et J. ETAY, 19\u00e8me Congr\u00e8s Fran\u00e7ais de M\u00e9canique Marseille, 24-28 ao\u00fbt 2009 \u2013oral session<\/li>\n<\/ul>\n<p><strong>\u00a0<\/strong><strong>&#8211; Fluid flow and interface control \u2013\u00a0Electromagnetic\u00a0brake<\/strong><\/p>\n<ul>\n<li><strong>2011-Scientific Journal- Compel , Vol.30 No.5, 2011 : <em>&#8221; A new DC electromagnetic wiping system for hot-dip zinc coatings on steel strip<\/em><\/strong><strong><em>\u201d <\/em><\/strong>M. Dumont, R. Ernst, Y. Fautrelle, B. Grenier, J.J. Hardy, M.Anderhuber,SIMAP (EPM) Laboratory, Saint Martin d\u2019H\u00e8res (France); Siemens SVAI Metal Technologies,SAS, Saint Chamond (France); ArcelorMttal, Maizi\u00e8res-l\u00e8s-Metz (France)<\/li>\n<\/ul>\n<p><strong>&#8211; Magnetic materials<\/strong><\/p>\n<ul>\n<li><strong>2019-Proceedings-Comsol conference-<\/strong><strong><strong><strong><em>\u201dA modelling tool for ferrite MnZn design &#8211; Losses and dimensional resonance according to size and physical properties<\/em><\/strong><\/strong><\/strong><strong><strong><strong><em>\u201d<\/em><\/strong><\/strong><\/strong> <strong><em>,\u00a0<\/em><\/strong>M.Dumont-EMDPI,\u00a0Etienne Rousset, Orano Group,\u00a0 Patrice Brun &#8211;<em>CEA, DEN, DE2D, SEVT<\/em> in\u00a0<strong><em>\u00a0European Comsol Conference, oct\u00a02019,<\/em><\/strong> Cambridge, UK.<\/li>\n<\/ul>\n","protected":false},"excerpt":{"rendered":"<p>&#8211;\u00a0General review on Electromagnetic processing : 2008-Proceedings-UIE-\u201d Induction processing of\u00a0 liquid materials\u201d, K. Spragg, A. Noeppel, J.C. Lacombe, M. Dumont, R. Ernst, K. Zaidat, Y. Delannoy, P. Petitpas, C. Garnier, J. Etay, C. Trassy and Y. Fautrelle in The XVI International Congress on Electricity Applications in a Modern World UIE2008, Krakow, 18-21 mai 2008. 2010-Proceedings-HES-\u201d&hellip;<\/p>\n","protected":false},"author":1,"featured_media":0,"parent":66,"menu_order":0,"comment_status":"closed","ping_status":"closed","template":"","meta":{"_exactmetrics_skip_tracking":false,"_exactmetrics_sitenote_active":false,"_exactmetrics_sitenote_note":"","_exactmetrics_sitenote_category":0,"footnotes":""},"translation":{"provider":"WPGlobus","version":"3.0.0","language":"en","enabled_languages":["fr","en"],"languages":{"fr":{"title":true,"content":true,"excerpt":false},"en":{"title":true,"content":true,"excerpt":false}}},"_links":{"self":[{"href":"https:\/\/emdpisolutions.com\/en\/wp-json\/wp\/v2\/pages\/241"}],"collection":[{"href":"https:\/\/emdpisolutions.com\/en\/wp-json\/wp\/v2\/pages"}],"about":[{"href":"https:\/\/emdpisolutions.com\/en\/wp-json\/wp\/v2\/types\/page"}],"author":[{"embeddable":true,"href":"https:\/\/emdpisolutions.com\/en\/wp-json\/wp\/v2\/users\/1"}],"replies":[{"embeddable":true,"href":"https:\/\/emdpisolutions.com\/en\/wp-json\/wp\/v2\/comments?post=241"}],"version-history":[{"count":13,"href":"https:\/\/emdpisolutions.com\/en\/wp-json\/wp\/v2\/pages\/241\/revisions"}],"predecessor-version":[{"id":6806,"href":"https:\/\/emdpisolutions.com\/en\/wp-json\/wp\/v2\/pages\/241\/revisions\/6806"}],"up":[{"embeddable":true,"href":"https:\/\/emdpisolutions.com\/en\/wp-json\/wp\/v2\/pages\/66"}],"wp:attachment":[{"href":"https:\/\/emdpisolutions.com\/en\/wp-json\/wp\/v2\/media?parent=241"}],"curies":[{"name":"wp","href":"https:\/\/api.w.org\/{rel}","templated":true}]}}